{"id":13534,"date":"2020-04-07T11:56:19","date_gmt":"2020-04-07T09:56:19","guid":{"rendered":"http:\/\/www.econ.bz.it\/neu\/partner\/"},"modified":"2021-01-25T14:56:26","modified_gmt":"2021-01-25T13:56:26","slug":"partner","status":"publish","type":"page","link":"https:\/\/www.econ.bz.it\/it\/partner\/","title":{"rendered":"Partner"},"content":{"rendered":"<p><div class=\"fusion-fullwidth fullwidth-box fusion-builder-row-1 fusion-parallax-none hundred-percent-fullwidth non-hundred-percent-height-scrolling\" style=\"--awb-border-radius-top-left:0px;--awb-border-radius-top-right:0px;--awb-border-radius-bottom-right:0px;--awb-border-radius-bottom-left:0px;--awb-padding-bottom:300px;--awb-background-image:url(&quot;https:\/\/www.econ.bz.it\/wp-content\/uploads\/2021\/01\/ueber-uns-6-1.jpg&quot;);--awb-background-size:cover;--awb-flex-wrap:wrap;\" ><div class=\"fusion-builder-row fusion-row\"><div class=\"fusion-layout-column fusion_builder_column fusion-builder-column-0 fusion_builder_column_1_1 1_1 fusion-one-full fusion-column-first fusion-column-last\" style=\"--awb-bg-size:cover;\"><div class=\"fusion-column-wrapper fusion-column-has-shadow fusion-flex-column-wrapper-legacy\"><div class=\"fusion-clearfix\"><\/div><\/div><\/div><\/div><\/div><div class=\"fusion-fullwidth fullwidth-box fusion-builder-row-2 nonhundred-percent-fullwidth non-hundred-percent-height-scrolling\" style=\"--awb-background-position:left top;--awb-border-sizes-top:0px;--awb-border-sizes-bottom:0px;--awb-border-sizes-left:0px;--awb-border-sizes-right:0px;--awb-border-radius-top-left:0px;--awb-border-radius-top-right:0px;--awb-border-radius-bottom-right:0px;--awb-border-radius-bottom-left:0px;--awb-padding-top:20px;--awb-padding-bottom:20px;--awb-background-color:rgba(255,255,255,0.5);--awb-flex-wrap:wrap;\" ><div class=\"fusion-builder-row fusion-row\"><div class=\"fusion-layout-column fusion_builder_column fusion-builder-column-1 fusion_builder_column_1_1 1_1 fusion-one-full fusion-column-first fusion-column-last fusion-column-no-min-height\" style=\"--awb-bg-size:cover;--awb-margin-bottom:0px;\"><div class=\"fusion-column-wrapper fusion-flex-column-wrapper-legacy\"><div class=\"fusion-text fusion-text-1\"><p><a href=\"https:\/\/www.econ.bz.it\/it\/partner\/\">Italiano<\/a> \/ <a href=\"https:\/\/www.econ.bz.it\/partner\/\">Deutsch<\/a><\/p>\n<\/div><div class=\"fusion-title title fusion-title-1 fusion-sep-none fusion-title-text fusion-title-size-one\"><h1 class=\"fusion-title-heading title-heading-left\" style=\"margin:0;\">Partner<\/h1><\/div><div class=\"fusion-sep-clear\"><\/div><div class=\"fusion-separator\" style=\"margin-left: auto;margin-right: auto;margin-top:5px;margin-bottom:55px;width:100%;max-width:200px;\"><\/div><div class=\"fusion-sep-clear\"><\/div><div class=\"fusion-clearfix\"><\/div><\/div><\/div><div class=\"fusion-layout-column fusion_builder_column fusion-builder-column-2 fusion_builder_column_1_1 1_1 fusion-one-full fusion-column-first fusion-column-last\" style=\"--awb-bg-size:cover;--awb-margin-bottom:0px;\"><div class=\"fusion-column-wrapper fusion-flex-column-wrapper-legacy\"><div class=\"fusion-text fusion-text-2\"><p><a title=\"Fideras Consulting\" href=\"http:\/\/www.fideras.it\/\" target=\"_blank\" rel=\"noopener noreferrer\"><img decoding=\"async\" class=\"alignnone size-full wp-image-964\" title=\"Fideras Consulting\" src=\"https:\/\/www.econ.bz.it\/wp-content\/uploads\/Fideras-Consulting.png\" alt=\"\" width=\"306\" height=\"58\" \/><\/a><\/p>\n<p>FIDERAS Consulting ist eine Vereinigung von Fachexperten mit dem Ziel, den Kunden eine umfassende Beratung in den Bereichen Arbeits- und Gesundheitsschutz, Implementierung von Managementsystemen, Organisationsentwicklung und technische Planung anzubieten.<\/p>\n<p>FIDERAS Consulting des Bernd Hainz<\/p>\n<p><strong>Adresse:<\/strong> Ebenweg 4, I-39031 Bruneck (BZ)<\/p>\n<p><strong>Kontakt: <\/strong>Tel. 340 7631550, info@fideras.it, <a title=\"Fideras Consulting\" href=\"http:\/\/www.fideras.it\/\" target=\"_blank\" rel=\"noopener noreferrer\">www.fideras.it<\/a><\/p>\n<p>__________________________________________________________________________________________________<\/p>\n<p><img decoding=\"async\" src=\"https:\/\/www.econ.bz.it\/wp-content\/uploads\/Graber-Partner.png\" alt=\"\" width=\"211\" height=\"107\" \/><\/p>\n<p>Seit \u00fcber 20 Jahren ber\u00e4t die Firma Graber &amp; Partner mittelst\u00e4ndische Unternehmen in ganz Italien und aus dem deutschsprachigen europ\u00e4ischen Raum und bietet einen Komplettservice in den Bereichen Wirtschaft, Recht und Steuern.<\/p>\n<p>Graber &amp; Partner<\/p>\n<p><strong>Adresse:<\/strong> Rienzfeldstra\u00dfe 30, I-39031 Bruneck (BZ)<\/p>\n<p><strong>Kontakt: <\/strong>Tel. 0474 572900, Fax 0474 572990, kanzlei@graber-partner.com, <a title=\"Graber &amp; Partner\" href=\"https:\/\/www.graber-partner.com\/it\/home.html\" target=\"_blank\" rel=\"noopener noreferrer\">www.graber-partner.com<\/a><\/p>\n<p>__________________________________________________________________________________________________<\/p>\n<p><img decoding=\"async\" class=\"alignnone wp-image-619\" src=\"https:\/\/www.econ.bz.it\/wp-content\/uploads\/Helfer-Consulting1.png\" alt=\"\" width=\"177\" height=\"111\" \/><\/p>\n<p><strong>Helfer Consulting<\/strong><\/p>\n<p>15 Jahre IT-Erfahrung in den Bereichen Softwareentwicklung, Hardware- und Softwareanalysen, Projektleitung, Datenbank- und Systemadministration in Zusammenhang mit den unterschiedlichsten Technologien machen aus uns eine bevorzugte Anlaufstelle, wenn es darum geht, praktische und zielf\u00fchrende IT-L\u00f6sungen zu finden und umzusetzen.<\/p>\n<p>Helfer Consulting des Martin Helfer &amp; Co. KG<\/p>\n<p><strong>Adresse:<\/strong> Nordring 40, I-39031 Bruneck (BZ)<\/p>\n<p><strong>Kontakt: <\/strong>Mobil 331 2052793, martin@helfer-consulting.com, <a title=\"Helfer Consulting\" href=\"http:\/\/www.helfer-consulting.com\/\" target=\"_blank\" rel=\"noopener noreferrer\">www.helfer-consulting.com<\/a><\/p>\n<p>__________________________________________________________________________________________________<\/p>\n<p><img decoding=\"async\" class=\"alignnone size-full wp-image-13880\" src=\"https:\/\/www.econ.bz.it\/wp-content\/uploads\/2021\/01\/Knollseisen.png\" alt=\"\" width=\"332\" height=\"52\" srcset=\"https:\/\/www.econ.bz.it\/wp-content\/uploads\/2021\/01\/Knollseisen-200x31.png 200w, https:\/\/www.econ.bz.it\/wp-content\/uploads\/2021\/01\/Knollseisen-300x47.png 300w, https:\/\/www.econ.bz.it\/wp-content\/uploads\/2021\/01\/Knollseisen.png 332w\" sizes=\"(max-width: 332px) 100vw, 332px\" \/><\/p>\n<p><strong>Knollseisen &amp; Partners <\/strong><\/p>\n<p>Die Kanzlei Knollseisen &amp; Partners ist eine Kanzlei f\u00fcr Wirtschafts-, Steuer- und Arbeitsrechtsberatung. Seit 1970 ber\u00e4t die Kanzlei ihre Kunden professionell und vertraulich in den Bereichen Arbeitsrechtsberatung mit Gehalts- und Lohnabrechnung, Bilanzbuchhaltung und Jahresabschl\u00fcsse, Rechnungswesen, Steuerberatung, Wirtschafts- und Unternehmensberatung und Wirtschaftspr\u00fcfung.<\/p>\n<p>Knollseisen &amp; Partners<\/p>\n<p><strong>Adresse:<\/strong> Gilmplatz 2, I-39031 Bruneck (BZ)<\/p>\n<p><strong>Kontakt: <\/strong>Tel. 0474 556600, Fax 0474 556699, info@knollseisen.com, <a title=\"Knollseisen &amp; Partners\" href=\"https:\/\/www.knollseisen.com\/it\/home.php\" target=\"_blank\" rel=\"noopener noreferrer\">www.knollseisen.com<\/a><\/p>\n<\/div><div class=\"fusion-clearfix\"><\/div><\/div><\/div><\/div><\/div><div class=\"fusion-fullwidth fullwidth-box fusion-builder-row-3 fusion-flex-container nonhundred-percent-fullwidth non-hundred-percent-height-scrolling\" style=\"--awb-border-radius-top-left:0px;--awb-border-radius-top-right:0px;--awb-border-radius-bottom-right:0px;--awb-border-radius-bottom-left:0px;--awb-padding-top:25px;--awb-padding-bottom:150px;--awb-margin-top:5px;--awb-flex-wrap:wrap;\" ><div class=\"fusion-builder-row fusion-row fusion-flex-align-items-flex-start fusion-flex-content-wrap\" style=\"max-width:1144px;margin-left: calc(-4% \/ 2 );margin-right: calc(-4% \/ 2 );\"><div class=\"fusion-layout-column fusion_builder_column fusion-builder-column-3 fusion_builder_column_1_1 1_1 fusion-flex-column\" style=\"--awb-bg-size:cover;--awb-width-large:100%;--awb-margin-top-large:0px;--awb-spacing-right-large:1.92%;--awb-margin-bottom-large:20px;--awb-spacing-left-large:1.92%;--awb-width-medium:100%;--awb-order-medium:0;--awb-spacing-right-medium:1.92%;--awb-spacing-left-medium:1.92%;--awb-width-small:100%;--awb-order-small:0;--awb-spacing-right-small:1.92%;--awb-spacing-left-small:1.92%;\"><div class=\"fusion-column-wrapper fusion-column-has-shadow fusion-flex-justify-content-flex-start fusion-content-layout-column\"><div class=\"fusion-text fusion-text-3\"><p><a href=\"https:\/\/www.econ.bz.it\/it\/editoria\/\">Editoria<\/a> \/ <a href=\"https:\/\/www.econ.bz.it\/it\/privacy\/\">Privacy<\/a><\/p>\n<\/div><\/div><\/div><\/div><\/div><\/p>\n","protected":false},"excerpt":{"rendered":"","protected":false},"author":1,"featured_media":0,"parent":0,"menu_order":0,"comment_status":"open","ping_status":"open","template":"100-width.php","meta":{"footnotes":""},"class_list":["post-13534","page","type-page","status-publish","hentry"],"yoast_head":"<!-- This site is optimized with the Yoast SEO plugin v26.1.1 - https:\/\/yoast.com\/wordpress\/plugins\/seo\/ -->\n<title>Partner - Econ SRL<\/title>\n<meta name=\"robots\" content=\"index, follow, max-snippet:-1, max-image-preview:large, max-video-preview:-1\" \/>\n<link rel=\"canonical\" href=\"https:\/\/www.econ.bz.it\/it\/partner\/\" \/>\n<meta property=\"og:locale\" content=\"it_IT\" \/>\n<meta property=\"og:type\" content=\"article\" \/>\n<meta property=\"og:title\" content=\"Partner - Econ SRL\" \/>\n<meta property=\"og:url\" content=\"https:\/\/www.econ.bz.it\/it\/partner\/\" \/>\n<meta property=\"og:site_name\" content=\"Econ SRL\" \/>\n<meta property=\"article:modified_time\" content=\"2021-01-25T13:56:26+00:00\" \/>\n<meta property=\"og:image\" content=\"https:\/\/www.econ.bz.it\/wp-content\/uploads\/Fideras-Consulting.png\" \/>\n<meta name=\"twitter:card\" content=\"summary_large_image\" \/>\n<script type=\"application\/ld+json\" class=\"yoast-schema-graph\">{\"@context\":\"https:\/\/schema.org\",\"@graph\":[{\"@type\":\"WebPage\",\"@id\":\"https:\/\/www.econ.bz.it\/it\/partner\/\",\"url\":\"https:\/\/www.econ.bz.it\/it\/partner\/\",\"name\":\"Partner - Econ SRL\",\"isPartOf\":{\"@id\":\"https:\/\/www.econ.bz.it\/it\/#website\"},\"primaryImageOfPage\":{\"@id\":\"https:\/\/www.econ.bz.it\/it\/partner\/#primaryimage\"},\"image\":{\"@id\":\"https:\/\/www.econ.bz.it\/it\/partner\/#primaryimage\"},\"thumbnailUrl\":\"https:\/\/www.econ.bz.it\/wp-content\/uploads\/Fideras-Consulting.png\",\"datePublished\":\"2020-04-07T09:56:19+00:00\",\"dateModified\":\"2021-01-25T13:56:26+00:00\",\"breadcrumb\":{\"@id\":\"https:\/\/www.econ.bz.it\/it\/partner\/#breadcrumb\"},\"inLanguage\":\"it-IT\",\"potentialAction\":[{\"@type\":\"ReadAction\",\"target\":[\"https:\/\/www.econ.bz.it\/it\/partner\/\"]}]},{\"@type\":\"ImageObject\",\"inLanguage\":\"it-IT\",\"@id\":\"https:\/\/www.econ.bz.it\/it\/partner\/#primaryimage\",\"url\":\"https:\/\/www.econ.bz.it\/wp-content\/uploads\/Fideras-Consulting.png\",\"contentUrl\":\"https:\/\/www.econ.bz.it\/wp-content\/uploads\/Fideras-Consulting.png\"},{\"@type\":\"BreadcrumbList\",\"@id\":\"https:\/\/www.econ.bz.it\/it\/partner\/#breadcrumb\",\"itemListElement\":[{\"@type\":\"ListItem\",\"position\":1,\"name\":\"Startseite\",\"item\":\"https:\/\/www.econ.bz.it\/it\/\"},{\"@type\":\"ListItem\",\"position\":2,\"name\":\"Partner\"}]},{\"@type\":\"WebSite\",\"@id\":\"https:\/\/www.econ.bz.it\/it\/#website\",\"url\":\"https:\/\/www.econ.bz.it\/it\/\",\"name\":\"Econ SRL\",\"description\":\"Software e servizi per la gestione dei rifiuti\",\"publisher\":{\"@id\":\"https:\/\/www.econ.bz.it\/it\/#organization\"},\"potentialAction\":[{\"@type\":\"SearchAction\",\"target\":{\"@type\":\"EntryPoint\",\"urlTemplate\":\"https:\/\/www.econ.bz.it\/it\/?s={search_term_string}\"},\"query-input\":{\"@type\":\"PropertyValueSpecification\",\"valueRequired\":true,\"valueName\":\"search_term_string\"}}],\"inLanguage\":\"it-IT\"},{\"@type\":\"Organization\",\"@id\":\"https:\/\/www.econ.bz.it\/it\/#organization\",\"name\":\"Econ GmbH\",\"url\":\"https:\/\/www.econ.bz.it\/it\/\",\"logo\":{\"@type\":\"ImageObject\",\"inLanguage\":\"it-IT\",\"@id\":\"https:\/\/www.econ.bz.it\/it\/#\/schema\/logo\/image\/\",\"url\":\"https:\/\/www.econ.bz.it\/wp-content\/uploads\/2020\/12\/logo-green-240.png\",\"contentUrl\":\"https:\/\/www.econ.bz.it\/wp-content\/uploads\/2020\/12\/logo-green-240.png\",\"width\":240,\"height\":40,\"caption\":\"Econ GmbH\"},\"image\":{\"@id\":\"https:\/\/www.econ.bz.it\/it\/#\/schema\/logo\/image\/\"}}]}<\/script>\n<!-- \/ Yoast SEO plugin. -->","yoast_head_json":{"title":"Partner - Econ SRL","robots":{"index":"index","follow":"follow","max-snippet":"max-snippet:-1","max-image-preview":"max-image-preview:large","max-video-preview":"max-video-preview:-1"},"canonical":"https:\/\/www.econ.bz.it\/it\/partner\/","og_locale":"it_IT","og_type":"article","og_title":"Partner - Econ SRL","og_url":"https:\/\/www.econ.bz.it\/it\/partner\/","og_site_name":"Econ SRL","article_modified_time":"2021-01-25T13:56:26+00:00","og_image":[{"url":"https:\/\/www.econ.bz.it\/wp-content\/uploads\/Fideras-Consulting.png","type":"","width":"","height":""}],"twitter_card":"summary_large_image","schema":{"@context":"https:\/\/schema.org","@graph":[{"@type":"WebPage","@id":"https:\/\/www.econ.bz.it\/it\/partner\/","url":"https:\/\/www.econ.bz.it\/it\/partner\/","name":"Partner - Econ SRL","isPartOf":{"@id":"https:\/\/www.econ.bz.it\/it\/#website"},"primaryImageOfPage":{"@id":"https:\/\/www.econ.bz.it\/it\/partner\/#primaryimage"},"image":{"@id":"https:\/\/www.econ.bz.it\/it\/partner\/#primaryimage"},"thumbnailUrl":"https:\/\/www.econ.bz.it\/wp-content\/uploads\/Fideras-Consulting.png","datePublished":"2020-04-07T09:56:19+00:00","dateModified":"2021-01-25T13:56:26+00:00","breadcrumb":{"@id":"https:\/\/www.econ.bz.it\/it\/partner\/#breadcrumb"},"inLanguage":"it-IT","potentialAction":[{"@type":"ReadAction","target":["https:\/\/www.econ.bz.it\/it\/partner\/"]}]},{"@type":"ImageObject","inLanguage":"it-IT","@id":"https:\/\/www.econ.bz.it\/it\/partner\/#primaryimage","url":"https:\/\/www.econ.bz.it\/wp-content\/uploads\/Fideras-Consulting.png","contentUrl":"https:\/\/www.econ.bz.it\/wp-content\/uploads\/Fideras-Consulting.png"},{"@type":"BreadcrumbList","@id":"https:\/\/www.econ.bz.it\/it\/partner\/#breadcrumb","itemListElement":[{"@type":"ListItem","position":1,"name":"Startseite","item":"https:\/\/www.econ.bz.it\/it\/"},{"@type":"ListItem","position":2,"name":"Partner"}]},{"@type":"WebSite","@id":"https:\/\/www.econ.bz.it\/it\/#website","url":"https:\/\/www.econ.bz.it\/it\/","name":"Econ SRL","description":"Software e servizi per la gestione dei rifiuti","publisher":{"@id":"https:\/\/www.econ.bz.it\/it\/#organization"},"potentialAction":[{"@type":"SearchAction","target":{"@type":"EntryPoint","urlTemplate":"https:\/\/www.econ.bz.it\/it\/?s={search_term_string}"},"query-input":{"@type":"PropertyValueSpecification","valueRequired":true,"valueName":"search_term_string"}}],"inLanguage":"it-IT"},{"@type":"Organization","@id":"https:\/\/www.econ.bz.it\/it\/#organization","name":"Econ GmbH","url":"https:\/\/www.econ.bz.it\/it\/","logo":{"@type":"ImageObject","inLanguage":"it-IT","@id":"https:\/\/www.econ.bz.it\/it\/#\/schema\/logo\/image\/","url":"https:\/\/www.econ.bz.it\/wp-content\/uploads\/2020\/12\/logo-green-240.png","contentUrl":"https:\/\/www.econ.bz.it\/wp-content\/uploads\/2020\/12\/logo-green-240.png","width":240,"height":40,"caption":"Econ GmbH"},"image":{"@id":"https:\/\/www.econ.bz.it\/it\/#\/schema\/logo\/image\/"}}]}},"_links":{"self":[{"href":"https:\/\/www.econ.bz.it\/it\/wp-json\/wp\/v2\/pages\/13534","targetHints":{"allow":["GET"]}}],"collection":[{"href":"https:\/\/www.econ.bz.it\/it\/wp-json\/wp\/v2\/pages"}],"about":[{"href":"https:\/\/www.econ.bz.it\/it\/wp-json\/wp\/v2\/types\/page"}],"author":[{"embeddable":true,"href":"https:\/\/www.econ.bz.it\/it\/wp-json\/wp\/v2\/users\/1"}],"replies":[{"embeddable":true,"href":"https:\/\/www.econ.bz.it\/it\/wp-json\/wp\/v2\/comments?post=13534"}],"version-history":[{"count":0,"href":"https:\/\/www.econ.bz.it\/it\/wp-json\/wp\/v2\/pages\/13534\/revisions"}],"wp:attachment":[{"href":"https:\/\/www.econ.bz.it\/it\/wp-json\/wp\/v2\/media?parent=13534"}],"curies":[{"name":"wp","href":"https:\/\/api.w.org\/{rel}","templated":true}]}}