{"id":13512,"date":"2020-04-07T10:51:36","date_gmt":"2020-04-07T08:51:36","guid":{"rendered":"http:\/\/www.econ.bz.it\/neu\/lazienda-2\/"},"modified":"2025-08-11T22:48:00","modified_gmt":"2025-08-11T20:48:00","slug":"lazienda-2","status":"publish","type":"page","link":"https:\/\/www.econ.bz.it\/it\/","title":{"rendered":"L&#8217;azienda"},"content":{"rendered":"<p><div class=\"fusion-fullwidth fullwidth-box fusion-builder-row-1 fusion-parallax-none hundred-percent-fullwidth non-hundred-percent-height-scrolling\" style=\"--awb-border-radius-top-left:0px;--awb-border-radius-top-right:0px;--awb-border-radius-bottom-right:0px;--awb-border-radius-bottom-left:0px;--awb-padding-bottom:300px;--awb-background-image:url(&quot;https:\/\/www.econ.bz.it\/wp-content\/uploads\/2020\/11\/home-header.jpg&quot;);--awb-background-size:cover;--awb-flex-wrap:wrap;\" ><div class=\"fusion-builder-row fusion-row\"><div class=\"fusion-layout-column fusion_builder_column fusion-builder-column-0 fusion_builder_column_1_1 1_1 fusion-one-full fusion-column-first fusion-column-last\" style=\"--awb-bg-size:cover;\"><div class=\"fusion-column-wrapper fusion-column-has-shadow fusion-flex-column-wrapper-legacy\"><div class=\"fusion-clearfix\"><\/div><\/div><\/div><\/div><\/div><div class=\"fusion-fullwidth fullwidth-box fusion-builder-row-2 nonhundred-percent-fullwidth non-hundred-percent-height-scrolling\" style=\"--awb-background-position:left top;--awb-border-sizes-top:0px;--awb-border-sizes-bottom:0px;--awb-border-sizes-left:0px;--awb-border-sizes-right:0px;--awb-border-radius-top-left:0px;--awb-border-radius-top-right:0px;--awb-border-radius-bottom-right:0px;--awb-border-radius-bottom-left:0px;--awb-padding-top:20px;--awb-padding-bottom:20px;--awb-background-color:yes;--awb-flex-wrap:wrap;\" ><div class=\"fusion-builder-row fusion-row\"><div class=\"fusion-layout-column fusion_builder_column fusion-builder-column-1 fusion_builder_column_2_3 2_3 fusion-two-third fusion-column-first fusion-column-no-min-height\" style=\"--awb-bg-size:cover;--awb-margin-bottom:0px;width:65.3333%; margin-right: 4%;\"><div class=\"fusion-column-wrapper fusion-flex-column-wrapper-legacy\"><div class=\"fusion-text fusion-text-1\"><p><a href=\"https:\/\/www.econ.bz.it\/it\/\">Italiano<\/a> \/ <a href=\"https:\/\/www.econ.bz.it\/it\/\">Deutsch<\/a><\/p>\n<\/div><div class=\"fusion-title title fusion-title-1 fusion-sep-none fusion-title-text fusion-title-size-one\"><h1 class=\"fusion-title-heading title-heading-left\" style=\"margin:0;\">Software e servizi per la gestione dei rifiuti<\/h1><\/div><div class=\"fusion-text fusion-text-2\"><p>La ditta Econ Srl offre da oltre 25 anni servizi professionali nel campo dell\u2019ambiente e soprattutto nella gestione dei rifiuti. L\u2019esperienza pluriennale, la competenza professionale e la buona collaborazione con le autorit\u00e0 pubbliche, la Provincia e la Camera di Commercio hanno reso la ditta Econ Srl un partner affidabile e competente per numerose aziende private e pubbliche provenienti da tutta l\u2019Italia e da molti altri paesi europei.<\/p>\n<p>Oltre a vari pacchetti di servizi per tutti i settori della gestione dei rifiuti assistiamo i nostri clienti con un software facile da utilizzare per l\u2019organizzazione e l\u2019implementazione di tutti i processi di gestione dei rifiuti previsti dalla legge (registro dei rifiuti, formulari di identificazione rifiuti, dichiarazione ambientale annuale (MUD), statistiche, ecc.)<\/p>\n<p>La soddisfazione del cliente \u00e8 un aspetto fondamentale per la ditta Econ Srl. Su questo obiettivo si basa la sua filosofia aziendale, che a sua volta \u00e8 in costante evoluzione e su un\u2019ampia e completa supporto individuale dei clienti.<\/p>\n<p>La priorit\u00e0 dell\u2019azienda \u00e8 la soddisfazione del cliente. Ci\u00f2 \u00e8 alla base della sua filosofia aziendale, caratterizzata da una costante innovazione e da un\u2019assistenza completa e personalizzata al cliente.<\/p>\n<\/div><div class=\"fusion-sep-clear\"><\/div><div class=\"fusion-separator fusion-full-width-sep\" style=\"margin-left: auto;margin-right: auto;margin-top:15px;margin-bottom:15px;width:100%;\"><\/div><div class=\"fusion-sep-clear\"><\/div><div class=\"fusion-content-boxes content-boxes columns row fusion-columns-1 fusion-columns-total-1 fusion-content-boxes-1 content-boxes-icon-on-side content-left\" style=\"--awb-title-color:#45b384;--awb-hover-accent-color:#45b384;--awb-circle-hover-accent-color:#45b384;--awb-item-margin-bottom:40px;\" data-animationOffset=\"top-into-view\"><div style=\"--awb-backgroundcolor:#ededed;\" class=\"fusion-column content-box-column content-box-column content-box-column-1 col-lg-12 col-md-12 col-sm-12 fusion-content-box-hover content-box-column-last content-box-column-last-in-row\"><div class=\"col content-box-wrapper content-wrapper-background link-area-link-icon icon-hover-animation-fade\" data-animationOffset=\"top-into-view\"><div class=\"heading icon-left\"><h2 class=\"content-box-heading\" style=\"--h2_typography-font-size:18px;line-height:23px;\">Date importanti<\/h2><\/div><div class=\"fusion-clearfix\"><\/div><div class=\"content-container\">\n<p><strong>14\/08\/2025<\/strong> &#8211; Iscrizione RENTRI &#8211; produttori di rifiuti con pi\u00f9 di 10 e fino a 50 dipendenti<\/p>\n<p><strong>20\/10\/2025<\/strong> &#8211; Consorzio Conai \u2013 Comunicazione III. trimestre 2025<\/p>\n<p><strong>20\/01\/2026<\/strong> &#8211; Consorzio Conai \u2013 Comunicazione IV. trimestre 2025<\/p>\n<p><strong>13\/02\/2026<\/strong> &#8211; Iscrizione RENTRI &#8211; produttori di rifiuti fino a 10 dipendenti<\/p>\n<\/div><\/div><\/div><div class=\"fusion-clearfix\"><\/div><\/div><div class=\"fusion-sep-clear\"><\/div><div class=\"fusion-separator fusion-full-width-sep\" style=\"margin-left: auto;margin-right: auto;margin-top:40px;margin-bottom:15px;width:100%;\"><\/div><div class=\"fusion-sep-clear\"><\/div><div class=\"fusion-clearfix\"><\/div><\/div><\/div><div class=\"fusion-layout-column fusion_builder_column fusion-builder-column-2 fusion_builder_column_1_3 1_3 fusion-one-third fusion-column-last\" style=\"--awb-bg-color:#ededed;--awb-bg-color-hover:#ededed;--awb-bg-size:cover;--awb-border-color:#ededed;--awb-border-top:10px;--awb-border-right:10px;--awb-border-bottom:10px;--awb-border-left:10px;--awb-border-style:solid;--awb-margin-top:-80px;width:30.6666%;\"><div class=\"fusion-column-wrapper fusion-column-has-shadow fusion-flex-column-wrapper-legacy\"><div class=\"fusion-recent-posts fusion-recent-posts-1 avada-container layout-default layout-columns-1\"><section class=\"fusion-columns columns fusion-columns-1 columns-1\"><article class=\"post fusion-column column col col-lg-12 col-md-12 col-sm-12\"><div class=\"fusion-flexslider fusion-flexslider-loading flexslider flexslider-hover-type-none\"><ul class=\"slides\"><li><a href=\"https:\/\/www.econ.bz.it\/it\/rentri\/\" aria-label=\"RENTRI\" class=\"hover-type-none\"><img decoding=\"async\" width=\"700\" height=\"441\" src=\"https:\/\/www.econ.bz.it\/wp-content\/uploads\/2024\/12\/logo-rentri-700x441.png\" class=\"attachment-recent-posts size-recent-posts\" alt=\"\" srcset=\"https:\/\/www.econ.bz.it\/wp-content\/uploads\/2024\/12\/logo-rentri-320x202.png 320w, https:\/\/www.econ.bz.it\/wp-content\/uploads\/2024\/12\/logo-rentri-700x441.png 700w\" sizes=\"(max-width: 700px) 100vw, 700px\" \/><\/a><\/li><\/ul><\/div><div class=\"recent-posts-content\"><span class=\"vcard\" style=\"display: none;\"><span class=\"fn\"><a href=\"https:\/\/www.econ.bz.it\/it\/author\/econ\/\" title=\"Articoli scritti da Econ\" rel=\"author\">Econ<\/a><\/span><\/span><span class=\"updated\" style=\"display:none;\">2024-12-23T10:49:32+01:00<\/span><h4 class=\"entry-title\"><a href=\"https:\/\/www.econ.bz.it\/it\/rentri\/\">RENTRI<\/a><\/h4><p class=\"meta\"><span class=\"vcard\" style=\"display: none;\"><span class=\"fn\"><a href=\"https:\/\/www.econ.bz.it\/it\/author\/econ\/\" title=\"Articoli scritti da Econ\" rel=\"author\">Econ<\/a><\/span><\/span><span class=\"updated\" style=\"display:none;\">2024-12-23T10:49:32+01:00<\/span><span>23. Dicembre 2024<\/span><span class=\"fusion-inline-sep\">|<\/span><\/p><p>In conformit\u00e0 al DM 59\/2024, dal 13 febbraio 2025, decorre l\u2019obbligo di tenuta del nuovo registro elettronico nazionale per la tracciabilit\u00e0 dei rifiuti. Il registro dei rifiuti cartaceo sar\u00e0 quindi abrogato.<\/p><\/div><\/article><\/section><\/div><div class=\"fusion-text fusion-text-3\" style=\"--awb-content-alignment:right;\"><p style=\"text-align: right;\"><a href=\"https:\/\/www.econ.bz.it\/it\/info\/\"><strong>pi\u00f9 notizie<\/strong><\/a><\/p>\n<\/div><div class=\"fusion-clearfix\"><\/div><\/div><\/div><\/div><\/div><div class=\"fusion-fullwidth fullwidth-box fusion-builder-row-3 nonhundred-percent-fullwidth non-hundred-percent-height-scrolling\" style=\"--awb-background-position:left top;--awb-border-sizes-top:0px;--awb-border-sizes-bottom:0px;--awb-border-sizes-left:0px;--awb-border-sizes-right:0px;--awb-border-radius-top-left:0px;--awb-border-radius-top-right:0px;--awb-border-radius-bottom-right:0px;--awb-border-radius-bottom-left:0px;--awb-padding-top:25px;--awb-padding-bottom:20px;--awb-background-color:#45b384;--awb-flex-wrap:wrap;\" ><div class=\"fusion-builder-row fusion-row\"><div class=\"fusion-layout-column fusion_builder_column fusion-builder-column-3 fusion_builder_column_1_3 1_3 fusion-one-third fusion-column-first\" style=\"--awb-bg-size:cover;width:30.6666%; margin-right: 4%;\"><div class=\"fusion-column-wrapper fusion-flex-column-wrapper-legacy\"><div class=\"fusion-sep-clear\"><\/div><div class=\"fusion-separator fusion-full-width-sep\" style=\"margin-left: auto;margin-right: auto;margin-top:43px;margin-bottom:0px;width:100%;\"><div class=\"fusion-separator-border sep-single sep-solid\" style=\"--awb-height:20px;--awb-amount:20px;--awb-sep-color:rgba(255,255,255,.4);border-color:rgba(255,255,255,.4);border-top-width:1px;\"><\/div><\/div><div class=\"fusion-sep-clear\"><\/div><div class=\"fusion-clearfix\"><\/div><\/div><\/div><div class=\"fusion-layout-column fusion_builder_column fusion-builder-column-4 fusion_builder_column_1_3 1_3 fusion-one-third\" style=\"--awb-bg-size:cover;width:30.6666%; margin-right: 4%;\"><div class=\"fusion-column-wrapper fusion-flex-column-wrapper-legacy\"><div class=\"fusion-sep-clear\"><\/div><div class=\"fusion-separator fusion-full-width-sep\" style=\"margin-left: auto;margin-right: auto;margin-top:14px;margin-bottom:0px;width:100%;\"><\/div><div class=\"fusion-sep-clear\"><\/div><div class=\"fusion-aligncenter\"><a class=\"fusion-button button-flat button-xlarge button-custom fusion-button-default button-1 fusion-button-default-span \" style=\"--button_accent_color:rgba(255,255,255,.6);--button_border_color:rgba(255,255,255,.6);--button_accent_hover_color:rgba(255,255,255,.9);--button_border_hover_color:rgba(255,255,255,.9);--button_border_width-top:1px;--button_border_width-right:1px;--button_border_width-bottom:1px;--button_border_width-left:1px;--button_gradient_top_color:rgba(255,255,255,0);--button_gradient_bottom_color:rgba(255,255,255,0);--button_gradient_top_color_hover:rgba(255, 255, 255, 0.09);--button_gradient_bottom_color_hover:rgba(255, 255, 255, 0.09);\" target=\"_blank\" rel=\"noopener noreferrer\" href=\"https:\/\/www.econ.bz.it\/uploads\/Update\/Italiano\/ecoRegS.exe\"><i class=\"fa-arrow-alt-circle-down fas awb-button__icon awb-button__icon--default button-icon-left\" aria-hidden=\"true\"><\/i><span class=\"fusion-button-text awb-button__text awb-button__text--default\">Software download<\/span><\/a><\/div><div class=\"fusion-clearfix\"><\/div><\/div><\/div><div class=\"fusion-layout-column fusion_builder_column fusion-builder-column-5 fusion_builder_column_1_3 1_3 fusion-one-third fusion-column-last\" style=\"--awb-bg-size:cover;width:30.6666%;\"><div class=\"fusion-column-wrapper fusion-flex-column-wrapper-legacy\"><div class=\"fusion-sep-clear\"><\/div><div class=\"fusion-separator fusion-full-width-sep\" style=\"margin-left: auto;margin-right: auto;margin-top:43px;margin-bottom:0px;width:100%;\"><div class=\"fusion-separator-border sep-single sep-solid\" style=\"--awb-height:20px;--awb-amount:20px;--awb-sep-color:rgba(255,255,255,.4);border-color:rgba(255,255,255,.4);border-top-width:1px;\"><\/div><\/div><div class=\"fusion-sep-clear\"><\/div><div class=\"fusion-clearfix\"><\/div><\/div><\/div><\/div><\/div><div class=\"fusion-fullwidth fullwidth-box fusion-builder-row-4 fusion-parallax-none nonhundred-percent-fullwidth non-hundred-percent-height-scrolling\" style=\"--awb-background-position:left top;--awb-background-repeat:repeat;--awb-border-sizes-top:0px;--awb-border-sizes-bottom:0px;--awb-border-sizes-left:0px;--awb-border-sizes-right:0px;--awb-border-radius-top-left:0px;--awb-border-radius-top-right:0px;--awb-border-radius-bottom-right:0px;--awb-border-radius-bottom-left:0px;--awb-padding-top:60px;--awb-padding-bottom:0px;--awb-background-image:url(&quot;https:\/\/www.econ.bz.it\/wp-content\/uploads\/2014\/10\/bkgd_lines-2.jpg&quot;);--awb-flex-wrap:wrap;\" ><div class=\"fusion-builder-row fusion-row\"><div class=\"fusion-layout-column fusion_builder_column fusion-builder-column-6 fusion_builder_column_1_1 1_1 fusion-one-full fusion-column-first fusion-column-last fusion-column-no-min-height\" style=\"--awb-bg-size:cover;--awb-margin-bottom:0px;\"><div class=\"fusion-column-wrapper fusion-flex-column-wrapper-legacy\"><div class=\"fusion-image-element fusion-image-align-center in-legacy-container\" style=\"text-align:center;--awb-margin-bottom:50px;--awb-caption-title-font-family:var(--h2_typography-font-family);--awb-caption-title-font-weight:var(--h2_typography-font-weight);--awb-caption-title-font-style:var(--h2_typography-font-style);--awb-caption-title-size:var(--h2_typography-font-size);--awb-caption-title-transform:var(--h2_typography-text-transform);--awb-caption-title-line-height:var(--h2_typography-line-height);--awb-caption-title-letter-spacing:var(--h2_typography-letter-spacing);\"><div class=\"imageframe-align-center\"><span class=\" fusion-imageframe imageframe-none imageframe-1 hover-type-none fusion-animated\" data-animationType=\"fadeInDown\" data-animationDuration=\"1.0\" data-animationOffset=\"top-into-view\"><img decoding=\"async\" width=\"1827\" height=\"826\" src=\"https:\/\/www.econ.bz.it\/wp-content\/uploads\/2021\/01\/screenshots_software.png\" alt class=\"img-responsive wp-image-13941\" srcset=\"https:\/\/www.econ.bz.it\/wp-content\/uploads\/2021\/01\/screenshots_software-200x90.png 200w, https:\/\/www.econ.bz.it\/wp-content\/uploads\/2021\/01\/screenshots_software-400x181.png 400w, https:\/\/www.econ.bz.it\/wp-content\/uploads\/2021\/01\/screenshots_software-600x271.png 600w, https:\/\/www.econ.bz.it\/wp-content\/uploads\/2021\/01\/screenshots_software-800x362.png 800w, https:\/\/www.econ.bz.it\/wp-content\/uploads\/2021\/01\/screenshots_software-1200x543.png 1200w, https:\/\/www.econ.bz.it\/wp-content\/uploads\/2021\/01\/screenshots_software.png 1827w\" sizes=\"(max-width: 1100px) 100vw, 1200px\" \/><\/span><\/div><\/div><div class=\"fusion-text fusion-text-4\"><p><a href=\"https:\/\/www.econ.bz.it\/it\/editoria\/\">Editoria<\/a> \/ <a href=\"https:\/\/www.econ.bz.it\/it\/privacy\/\">Privacy<\/a><\/p>\n<\/div><div class=\"fusion-clearfix\"><\/div><\/div><\/div><\/div><\/div><\/p>\n","protected":false},"excerpt":{"rendered":"","protected":false},"author":1,"featured_media":0,"parent":0,"menu_order":0,"comment_status":"open","ping_status":"open","template":"100-width.php","meta":{"footnotes":""},"class_list":["post-13512","page","type-page","status-publish","hentry"],"yoast_head":"<!-- This site is optimized with the Yoast SEO plugin v26.1.1 - https:\/\/yoast.com\/wordpress\/plugins\/seo\/ -->\n<title>Software e servizi per la gestione dei rifiuti | Econ SRL<\/title>\n<meta name=\"robots\" content=\"index, follow, max-snippet:-1, max-image-preview:large, max-video-preview:-1\" \/>\n<link rel=\"canonical\" href=\"https:\/\/www.econ.bz.it\/it\/\" \/>\n<meta property=\"og:locale\" content=\"it_IT\" \/>\n<meta property=\"og:type\" content=\"article\" \/>\n<meta property=\"og:title\" content=\"Software e servizi per la gestione dei rifiuti | Econ SRL\" \/>\n<meta property=\"og:url\" content=\"https:\/\/www.econ.bz.it\/it\/\" \/>\n<meta property=\"og:site_name\" content=\"Econ SRL\" \/>\n<meta property=\"article:modified_time\" content=\"2025-08-11T20:48:00+00:00\" \/>\n<meta name=\"twitter:card\" content=\"summary_large_image\" \/>\n<script type=\"application\/ld+json\" class=\"yoast-schema-graph\">{\"@context\":\"https:\/\/schema.org\",\"@graph\":[{\"@type\":\"WebPage\",\"@id\":\"https:\/\/www.econ.bz.it\/it\/\",\"url\":\"https:\/\/www.econ.bz.it\/it\/\",\"name\":\"Software e servizi per la gestione dei rifiuti | Econ SRL\",\"isPartOf\":{\"@id\":\"https:\/\/www.econ.bz.it\/it\/#website\"},\"datePublished\":\"2020-04-07T08:51:36+00:00\",\"dateModified\":\"2025-08-11T20:48:00+00:00\",\"breadcrumb\":{\"@id\":\"https:\/\/www.econ.bz.it\/it\/#breadcrumb\"},\"inLanguage\":\"it-IT\",\"potentialAction\":[{\"@type\":\"ReadAction\",\"target\":[\"https:\/\/www.econ.bz.it\/it\/\"]}]},{\"@type\":\"BreadcrumbList\",\"@id\":\"https:\/\/www.econ.bz.it\/it\/#breadcrumb\",\"itemListElement\":[{\"@type\":\"ListItem\",\"position\":1,\"name\":\"Startseite\",\"item\":\"https:\/\/www.econ.bz.it\/it\/\"},{\"@type\":\"ListItem\",\"position\":2,\"name\":\"L&#8217;azienda\"}]},{\"@type\":\"WebSite\",\"@id\":\"https:\/\/www.econ.bz.it\/it\/#website\",\"url\":\"https:\/\/www.econ.bz.it\/it\/\",\"name\":\"Econ SRL\",\"description\":\"Software e servizi per la gestione dei rifiuti\",\"publisher\":{\"@id\":\"https:\/\/www.econ.bz.it\/it\/#organization\"},\"potentialAction\":[{\"@type\":\"SearchAction\",\"target\":{\"@type\":\"EntryPoint\",\"urlTemplate\":\"https:\/\/www.econ.bz.it\/it\/?s={search_term_string}\"},\"query-input\":{\"@type\":\"PropertyValueSpecification\",\"valueRequired\":true,\"valueName\":\"search_term_string\"}}],\"inLanguage\":\"it-IT\"},{\"@type\":\"Organization\",\"@id\":\"https:\/\/www.econ.bz.it\/it\/#organization\",\"name\":\"Econ GmbH\",\"url\":\"https:\/\/www.econ.bz.it\/it\/\",\"logo\":{\"@type\":\"ImageObject\",\"inLanguage\":\"it-IT\",\"@id\":\"https:\/\/www.econ.bz.it\/it\/#\/schema\/logo\/image\/\",\"url\":\"https:\/\/www.econ.bz.it\/wp-content\/uploads\/2020\/12\/logo-green-240.png\",\"contentUrl\":\"https:\/\/www.econ.bz.it\/wp-content\/uploads\/2020\/12\/logo-green-240.png\",\"width\":240,\"height\":40,\"caption\":\"Econ GmbH\"},\"image\":{\"@id\":\"https:\/\/www.econ.bz.it\/it\/#\/schema\/logo\/image\/\"}}]}<\/script>\n<!-- \/ Yoast SEO plugin. -->","yoast_head_json":{"title":"Software e servizi per la gestione dei rifiuti | Econ SRL","robots":{"index":"index","follow":"follow","max-snippet":"max-snippet:-1","max-image-preview":"max-image-preview:large","max-video-preview":"max-video-preview:-1"},"canonical":"https:\/\/www.econ.bz.it\/it\/","og_locale":"it_IT","og_type":"article","og_title":"Software e servizi per la gestione dei rifiuti | Econ SRL","og_url":"https:\/\/www.econ.bz.it\/it\/","og_site_name":"Econ SRL","article_modified_time":"2025-08-11T20:48:00+00:00","twitter_card":"summary_large_image","schema":{"@context":"https:\/\/schema.org","@graph":[{"@type":"WebPage","@id":"https:\/\/www.econ.bz.it\/it\/","url":"https:\/\/www.econ.bz.it\/it\/","name":"Software e servizi per la gestione dei rifiuti | Econ SRL","isPartOf":{"@id":"https:\/\/www.econ.bz.it\/it\/#website"},"datePublished":"2020-04-07T08:51:36+00:00","dateModified":"2025-08-11T20:48:00+00:00","breadcrumb":{"@id":"https:\/\/www.econ.bz.it\/it\/#breadcrumb"},"inLanguage":"it-IT","potentialAction":[{"@type":"ReadAction","target":["https:\/\/www.econ.bz.it\/it\/"]}]},{"@type":"BreadcrumbList","@id":"https:\/\/www.econ.bz.it\/it\/#breadcrumb","itemListElement":[{"@type":"ListItem","position":1,"name":"Startseite","item":"https:\/\/www.econ.bz.it\/it\/"},{"@type":"ListItem","position":2,"name":"L&#8217;azienda"}]},{"@type":"WebSite","@id":"https:\/\/www.econ.bz.it\/it\/#website","url":"https:\/\/www.econ.bz.it\/it\/","name":"Econ SRL","description":"Software e servizi per la gestione dei rifiuti","publisher":{"@id":"https:\/\/www.econ.bz.it\/it\/#organization"},"potentialAction":[{"@type":"SearchAction","target":{"@type":"EntryPoint","urlTemplate":"https:\/\/www.econ.bz.it\/it\/?s={search_term_string}"},"query-input":{"@type":"PropertyValueSpecification","valueRequired":true,"valueName":"search_term_string"}}],"inLanguage":"it-IT"},{"@type":"Organization","@id":"https:\/\/www.econ.bz.it\/it\/#organization","name":"Econ GmbH","url":"https:\/\/www.econ.bz.it\/it\/","logo":{"@type":"ImageObject","inLanguage":"it-IT","@id":"https:\/\/www.econ.bz.it\/it\/#\/schema\/logo\/image\/","url":"https:\/\/www.econ.bz.it\/wp-content\/uploads\/2020\/12\/logo-green-240.png","contentUrl":"https:\/\/www.econ.bz.it\/wp-content\/uploads\/2020\/12\/logo-green-240.png","width":240,"height":40,"caption":"Econ GmbH"},"image":{"@id":"https:\/\/www.econ.bz.it\/it\/#\/schema\/logo\/image\/"}}]}},"_links":{"self":[{"href":"https:\/\/www.econ.bz.it\/it\/wp-json\/wp\/v2\/pages\/13512","targetHints":{"allow":["GET"]}}],"collection":[{"href":"https:\/\/www.econ.bz.it\/it\/wp-json\/wp\/v2\/pages"}],"about":[{"href":"https:\/\/www.econ.bz.it\/it\/wp-json\/wp\/v2\/types\/page"}],"author":[{"embeddable":true,"href":"https:\/\/www.econ.bz.it\/it\/wp-json\/wp\/v2\/users\/1"}],"replies":[{"embeddable":true,"href":"https:\/\/www.econ.bz.it\/it\/wp-json\/wp\/v2\/comments?post=13512"}],"version-history":[{"count":1,"href":"https:\/\/www.econ.bz.it\/it\/wp-json\/wp\/v2\/pages\/13512\/revisions"}],"predecessor-version":[{"id":14297,"href":"https:\/\/www.econ.bz.it\/it\/wp-json\/wp\/v2\/pages\/13512\/revisions\/14297"}],"wp:attachment":[{"href":"https:\/\/www.econ.bz.it\/it\/wp-json\/wp\/v2\/media?parent=13512"}],"curies":[{"name":"wp","href":"https:\/\/api.w.org\/{rel}","templated":true}]}}